{"id":17,"date":"2022-03-20T18:25:06","date_gmt":"2022-03-20T18:25:06","guid":{"rendered":"https:\/\/koulutukset.tulka.com\/?page_id=17"},"modified":"2025-09-29T06:19:18","modified_gmt":"2025-09-29T06:19:18","slug":"tulka-koulutukset","status":"publish","type":"page","link":"https:\/\/koulutukset.tulka.com\/","title":{"rendered":"Tulka"},"content":{"rendered":"\t\t<div data-elementor-type=\"wp-page\" data-elementor-id=\"17\" class=\"elementor elementor-17\">\n\t\t\t\t\t\t<section class=\"elementor-section elementor-top-section elementor-element elementor-element-beb4830 elementor-section-boxed elementor-section-height-default elementor-section-height-default\" data-id=\"beb4830\" data-element_type=\"section\">\n\t\t\t\t\t\t<div class=\"elementor-container elementor-column-gap-default\">\n\t\t\t\t\t<div class=\"elementor-column elementor-col-100 elementor-top-column elementor-element elementor-element-2fed5e9\" data-id=\"2fed5e9\" data-element_type=\"column\">\n\t\t\t<div class=\"elementor-widget-wrap elementor-element-populated\">\n\t\t\t\t\t\t<div class=\"elementor-element elementor-element-e95c94a elementor-widget elementor-widget-image\" data-id=\"e95c94a\" data-element_type=\"widget\" data-widget_type=\"image.default\">\n\t\t\t\t<div class=\"elementor-widget-container\">\n\t\t\t<style>\/*! elementor - v3.19.0 - 07-02-2024 *\/\n.elementor-widget-image{text-align:center}.elementor-widget-image a{display:inline-block}.elementor-widget-image a img[src$=\".svg\"]{width:48px}.elementor-widget-image img{vertical-align:middle;display:inline-block}<\/style>\t\t\t\t\t\t\t\t\t\t<img decoding=\"async\" width=\"300\" height=\"86\" src=\"https:\/\/koulutukset.tulka.com\/wp-content\/uploads\/2024\/02\/Tulka_logo-300x86-1-1.png\" class=\"attachment-large size-large wp-image-25\" alt=\"\" \/>\t\t\t\t\t\t\t\t\t\t\t\t\t<\/div>\n\t\t\t\t<\/div>\n\t\t\t\t<div class=\"elementor-element elementor-element-c7112c2 elementor-widget elementor-widget-text-editor\" data-id=\"c7112c2\" data-element_type=\"widget\" data-widget_type=\"text-editor.default\">\n\t\t\t\t<div class=\"elementor-widget-container\">\n\t\t\t<style>\/*! elementor - v3.19.0 - 07-02-2024 *\/\n.elementor-widget-text-editor.elementor-drop-cap-view-stacked .elementor-drop-cap{background-color:#69727d;color:#fff}.elementor-widget-text-editor.elementor-drop-cap-view-framed .elementor-drop-cap{color:#69727d;border:3px solid;background-color:transparent}.elementor-widget-text-editor:not(.elementor-drop-cap-view-default) .elementor-drop-cap{margin-top:8px}.elementor-widget-text-editor:not(.elementor-drop-cap-view-default) .elementor-drop-cap-letter{width:1em;height:1em}.elementor-widget-text-editor .elementor-drop-cap{float:left;text-align:center;line-height:1;font-size:50px}.elementor-widget-text-editor .elementor-drop-cap-letter{display:inline-block}<\/style>\t\t\t\t<h5><strong style=\"color: var( --e-global-color-text ); font-family: var( --e-global-typography-text-font-family ), Sans-serif; font-size: 1rem;\">Kiva, kun\u00a0 l\u00f6ysit T\u00falka Tutuksi Teams -kalenterin!<\/strong><\/h5><p>Valitse sinulle sopiva ajankohta ja hypp\u00e4\u00e4 mukaan linjoille kuulemaan tulkkauspalvelustamme ja tapaamaan meid\u00e4t. T\u00falka Tutuksi Teams on kaikille avoin ja maksuton perehdytys, jossa k\u00e4ymme l\u00e4pi tulkin tilaamiseen vaiheet. P\u00e4\u00e4set tutustumaan muun muassa Tulkki heti -toimintoon ja ennalta varauksen tekemiseen.<\/p><p><strong>Klikkaa alta ja osallistu mukaan Teams-perehdytykseemme. N\u00e4hd\u00e4\u00e4n pian!<br \/><br \/>L\u00f6yd\u00e4t p\u00e4iv\u00e4m\u00e4\u00e4r\u00e4t ja osallistumislinkit t\u00e4\u00e4lt\u00e4:\u00a0<\/strong><b><a href=\"https:\/\/www.tulka.com\/koulutukset\">https:\/\/www.tulka.com\/koulutukset<\/a><\/b><\/p>\t\t\t\t\t\t<\/div>\n\t\t\t\t<\/div>\n\t\t\t\t\t<\/div>\n\t\t<\/div>\n\t\t\t\t\t<\/div>\n\t\t<\/section>\n\t\t\t\t<section class=\"elementor-section elementor-top-section elementor-element elementor-element-cb4dc70 elementor-section-boxed elementor-section-height-default elementor-section-height-default\" data-id=\"cb4dc70\" data-element_type=\"section\">\n\t\t\t\t\t\t<div class=\"elementor-container elementor-column-gap-default\">\n\t\t\t\t\t<div class=\"elementor-column elementor-col-100 elementor-top-column elementor-element elementor-element-1eb7f5c\" data-id=\"1eb7f5c\" data-element_type=\"column\">\n\t\t\t<div class=\"elementor-widget-wrap elementor-element-populated\">\n\t\t\t\t\t\t<div class=\"elementor-element elementor-element-6696847 elementor-widget elementor-widget-button\" data-id=\"6696847\" data-element_type=\"widget\" data-widget_type=\"button.default\">\n\t\t\t\t<div class=\"elementor-widget-container\">\n\t\t\t\t\t<div class=\"elementor-button-wrapper\">\n\t\t\t<a class=\"elementor-button elementor-button-link elementor-size-sm\" href=\"https:\/\/www.tulka.com\/koulutukset\">\n\t\t\t\t\t\t<span class=\"elementor-button-content-wrapper\">\n\t\t\t\t\t\t<span class=\"elementor-button-text\">Koulutukset t\u00e4\u00e4lt\u00e4!<\/span>\n\t\t<\/span>\n\t\t\t\t\t<\/a>\n\t\t<\/div>\n\t\t\t\t<\/div>\n\t\t\t\t<\/div>\n\t\t\t\t\t<\/div>\n\t\t<\/div>\n\t\t\t\t\t<\/div>\n\t\t<\/section>\n\t\t\t\t<section class=\"elementor-section elementor-top-section elementor-element elementor-element-702d1f5 elementor-section-boxed elementor-section-height-default elementor-section-height-default\" data-id=\"702d1f5\" data-element_type=\"section\">\n\t\t\t\t\t\t<div class=\"elementor-container elementor-column-gap-default\">\n\t\t\t\t\t<div class=\"elementor-column elementor-col-100 elementor-top-column elementor-element elementor-element-db09315\" data-id=\"db09315\" data-element_type=\"column\">\n\t\t\t<div class=\"elementor-widget-wrap\">\n\t\t\t\t\t\t\t<\/div>\n\t\t<\/div>\n\t\t\t\t\t<\/div>\n\t\t<\/section>\n\t\t<div class=\"elementor-element elementor-element-75d94df e-flex e-con-boxed e-con e-parent\" data-id=\"75d94df\" data-element_type=\"container\" data-settings=\"{&quot;content_width&quot;:&quot;boxed&quot;}\" data-core-v316-plus=\"true\">\n\t\t\t\t\t<div class=\"e-con-inner\">\n\t\t\t\t<div class=\"elementor-element elementor-element-0a56f33 elementor-widget elementor-widget-image\" data-id=\"0a56f33\" data-element_type=\"widget\" data-widget_type=\"image.default\">\n\t\t\t\t<div class=\"elementor-widget-container\">\n\t\t\t\t\t\t\t\t\t\t\t\t\t<img fetchpriority=\"high\" decoding=\"async\" width=\"1792\" height=\"1024\" src=\"https:\/\/koulutukset.tulka.com\/wp-content\/uploads\/2024\/10\/Designer-20.jpeg\" class=\"attachment-full size-full wp-image-106\" alt=\"T\u00falkan koulutus\" srcset=\"https:\/\/koulutukset.tulka.com\/wp-content\/uploads\/2024\/10\/Designer-20.jpeg 1792w, https:\/\/koulutukset.tulka.com\/wp-content\/uploads\/2024\/10\/Designer-20-300x171.jpeg 300w, https:\/\/koulutukset.tulka.com\/wp-content\/uploads\/2024\/10\/Designer-20-1024x585.jpeg 1024w, https:\/\/koulutukset.tulka.com\/wp-content\/uploads\/2024\/10\/Designer-20-768x439.jpeg 768w, https:\/\/koulutukset.tulka.com\/wp-content\/uploads\/2024\/10\/Designer-20-1536x878.jpeg 1536w\" sizes=\"(max-width: 1792px) 100vw, 1792px\" \/>\t\t\t\t\t\t\t\t\t\t\t\t\t<\/div>\n\t\t\t\t<\/div>\n\t\t\t\t\t<\/div>\n\t\t\t\t<\/div>\n\t\t\t\t<\/div>\n\t\t","protected":false},"excerpt":{"rendered":"<p>Kiva, kun\u00a0 l\u00f6ysit T\u00falka Tutuksi Teams -kalenterin! Valitse sinulle sopiva ajankohta ja hypp\u00e4\u00e4 mukaan linjoille kuulemaan tulkkauspalvelustamme ja tapaamaan meid\u00e4t. T\u00falka Tutuksi Teams on kaikille avoin ja maksuton perehdytys, jossa k\u00e4ymme l\u00e4pi tulkin tilaamiseen vaiheet. P\u00e4\u00e4set tutustumaan muun muassa Tulkki heti -toimintoon ja ennalta varauksen tekemiseen. Klikkaa alta ja osallistu mukaan Teams-perehdytykseemme. N\u00e4hd\u00e4\u00e4n pian! L\u00f6yd\u00e4t [&hellip;]<\/p>\n","protected":false},"author":1,"featured_media":25,"parent":0,"menu_order":0,"comment_status":"closed","ping_status":"closed","template":"","meta":{"footnotes":""},"_links":{"self":[{"href":"https:\/\/koulutukset.tulka.com\/index.php?rest_route=\/wp\/v2\/pages\/17"}],"collection":[{"href":"https:\/\/koulutukset.tulka.com\/index.php?rest_route=\/wp\/v2\/pages"}],"about":[{"href":"https:\/\/koulutukset.tulka.com\/index.php?rest_route=\/wp\/v2\/types\/page"}],"author":[{"embeddable":true,"href":"https:\/\/koulutukset.tulka.com\/index.php?rest_route=\/wp\/v2\/users\/1"}],"replies":[{"embeddable":true,"href":"https:\/\/koulutukset.tulka.com\/index.php?rest_route=%2Fwp%2Fv2%2Fcomments&post=17"}],"version-history":[{"count":186,"href":"https:\/\/koulutukset.tulka.com\/index.php?rest_route=\/wp\/v2\/pages\/17\/revisions"}],"predecessor-version":[{"id":260,"href":"https:\/\/koulutukset.tulka.com\/index.php?rest_route=\/wp\/v2\/pages\/17\/revisions\/260"}],"wp:featuredmedia":[{"embeddable":true,"href":"https:\/\/koulutukset.tulka.com\/index.php?rest_route=\/wp\/v2\/media\/25"}],"wp:attachment":[{"href":"https:\/\/koulutukset.tulka.com\/index.php?rest_route=%2Fwp%2Fv2%2Fmedia&parent=17"}],"curies":[{"name":"wp","href":"https:\/\/api.w.org\/{rel}","templated":true}]}}